
{"id":2363,"date":"2018-01-29T15:09:26","date_gmt":"2018-01-29T13:09:26","guid":{"rendered":"http:\/\/agroinsconf.com\/?page_id=2363"},"modified":"2023-11-06T19:59:11","modified_gmt":"2023-11-06T17:59:11","slug":"participants-2018","status":"publish","type":"page","link":"https:\/\/agroinsconf.com\/?page_id=2363","title":{"rendered":"Participants 2018"},"content":{"rendered":"<h4><strong>REINSURANCE COMPANIES<\/strong><\/h4>\n<h5><strong>Munich Re &#8211;\u00a0Germany<\/strong><\/h5>\n<p>Maximillian Strobl &#8211; Regional Head Agriculture<br \/>\nHans Both &#8211; Underwriter Agriculture<\/p>\n<h5><strong>Q-Re &#8211; Qatar \/ Switzerland<\/strong><\/h5>\n<p>Nicolas Boll &#8211;\u00a0Underwriter, Agriculture<\/p>\n<h5><strong>Swiss Re &#8211; Switzerland<\/strong><\/h5>\n<p>Marcel Andriesse &#8211; Senior Underwriter Agriculture<\/p>\n<p>Hans Feyen &#8211; Head Agriculture RI Centre &amp; Europe<\/p>\n<p>Paul Hammer &#8211; Modeller Agriculture<\/p>\n<h5><strong>Swiss Re Corporate Solutions &#8211; Switzerland<\/strong><\/h5>\n<p>Oleksandr Artyushyn &#8211; Senior\u00a0Originator Food &amp; Agriculture<\/p>\n<h5><strong>Hannover Re &#8211; Germany<\/strong><\/h5>\n<p>Dr. Sergiy Parkhomenko &#8211; Underwriter, Treaty Department Agricultural Risks<\/p>\n<p>Elena Rusu-Duminica -Assistant Underwriter Agricultural Risks<\/p>\n<h5><strong>Partner Re &#8211; Switzerland<\/strong><\/h5>\n<p>Michael Hirsbrunner &#8211; Underwriter Agriculture<\/p>\n<h5><strong>Polish Re &#8211;\u00a0Poland<\/strong><\/h5>\n<p>Konrad Rojewski &#8211; Product Manager Agriculture<\/p>\n<h5><strong>Alliance Re &#8211;\u00a0Germany<\/strong><\/h5>\n<p>Peter Nagy &#8211; Agriculture, Special Products<\/p>\n<h5><strong>XL Catlin Re &#8211;\u00a0Switzerland<\/strong><\/h5>\n<p>Toni Vukadinovic &#8211; Underwriting Director<\/p>\n<p>Anne-Katherin Schirlitz &#8211; Underwriter Specialty | Reinsurance<\/p>\n<h5><strong>Highland Insurance \/ Tokio Marine Kiln &#8211; USA<\/strong><\/h5>\n<p>James Tran &#8211; Agriculture<\/p>\n<h5><strong>Tokio Marine Kiln &#8211; USA<\/strong><\/h5>\n<p>Daniel Melnik &#8211; Agriculture<\/p>\n<h5><strong>SCOR &#8211;\u00a0Switzerland<\/strong><\/h5>\n<p>Yvonne Buschor Speck &#8211;\u00a0Underwriter Agriculture<\/p>\n<h5><strong>DEVK RE &#8211; Germany<\/strong><\/h5>\n<p>Fabian D\u00fcggelin &#8211; Underwriter Agriculture<\/p>\n<h5><strong>Triglav Re &#8211; Slovenia<\/strong><\/h5>\n<p>Katja Modec &#8211; Underwriter<\/p>\n<h4><\/h4>\n<h4><strong>INSURANCE COMPANIES<\/strong><\/h4>\n<h5><strong>Generali Osiguranje &#8211; Serbia<\/strong><\/h5>\n<p>Nemanja Beljanski &#8211; Agriculture Insurance Manager<br \/>\nSava Bogi\u010devi\u0107 &#8211; Regional Head of Product Development<br \/>\nVeljko Nini\u0107 &#8211; Livestock Insurance Manager<br \/>\nPredrag Milo\u0161evi\u0107 &#8211; Agriculture<\/p>\n<h5><strong>Concordia Ubezpieczenia &#8211; Poland<\/strong><\/h5>\n<p>Michael L\u00f6sche &#8211;\u00a0 Member of Board<\/p>\n<h5><strong>Aldagi &#8211; Georgia<\/strong><\/h5>\n<p>Ivane Bujiashvili &#8211; Underwriter Agriculture<\/p>\n<h5><strong>PZU &#8211; Ukraine<\/strong><\/h5>\n<p>Kostiantyn Nidziiev &#8211; Deputy Head Corporate Business<\/p>\n<p>Oleksandr Mukha &#8211; Underwriter Agriculture<\/p>\n<h5><strong>Croatia Osiguranje &#8211; Croatia<\/strong><\/h5>\n<p>Srdan Divjak &#8211; Underwriter Agriculture<\/p>\n<p>Kre\u0161imir Fran\u010di\u0107 &#8211;\u00a0Director of Property, liability and accident insurance<\/p>\n<h5><strong>Azsigorta ASC &#8211; Azerbaijan<\/strong><\/h5>\n<p>Oksana Marinchenko &#8211; Director on Insurance Project Service<\/p>\n<h5><strong>Triglav Insurance &#8211; Serbia<\/strong><\/h5>\n<p>Vladimir Malesevic &#8211; Director<\/p>\n<h5><strong>Triglav Insurance &#8211; Slovenia<\/strong><\/h5>\n<p><span lang=\"EN-US\">Tomaz Mazi &#8211; Autonomous Underwriter<\/span><\/p>\n<p>Ales Zupan &#8211; Head of Agricultural Insurance<\/p>\n<h5><strong>Nova Osiguranje AD Skopje &#8211; Macedonia<\/strong><\/h5>\n<p>Isni Abazi &#8211; General Director<\/p>\n<p>Slavcho Taushanov &#8211; Director of Claims Department<\/p>\n<h5><strong>FICO (First Insurance Company Limited) &#8211; Uganda<\/strong><\/h5>\n<p>Vyasa Krishna Burugupalli &#8211; CEO<\/p>\n<h4><\/h4>\n<h4><strong style=\"line-height: 1.5;\">BROKERS, UNDERWRITING AND CONSULTING AGENCIES<\/strong><\/h4>\n<h5><strong>AgroInsurance International &#8211; Ukraine \/ Georgia<\/strong><\/h5>\n<p>Ian Shynkarenko &#8211; \u00a0Conference Manager<br \/>\nRoman Shynkarenko &#8211; Agricultural Insurance Consultant<br \/>\nLiudmyla Krychevska &#8211; Insurance Programs Administrator<br \/>\nDaryna Danchenko &#8211; Conference Assistant<br \/>\nMargo Shynkarenko &#8211; Intern, Conference Assistant<br \/>\nOlena Sosenko &#8211; Consultant<\/p>\n<h5><strong>AFC Agricultural &amp; Finance Consultants &#8211;\u00a0Germany<\/strong><\/h5>\n<p>Jakob Lutz &#8211;\u00a0Project Manager<\/p>\n<h5><strong>CelsiusPro &#8211;\u00a0Switzerland<\/strong><\/h5>\n<p>Katarina Baricova &#8211;<b>\u00a0<\/b>Insurance Specialist Emerging Markets<\/p>\n<h5><strong>Liberty \u00a0Specialty Markets &#8211; France<\/strong><\/h5>\n<p>Salah Dhouib &#8211; Underwriter Agriculture<\/p>\n<h5><strong>Ceemarisk\u00a0 &#8211; Hungary<\/strong><\/h5>\n<p>Attila Szoradi &#8211; CEO<\/p>\n<h5><strong>United Insurance Brokers Ltd\u00a0 &#8211; Great Britain, UK<\/strong><\/h5>\n<p>Mark Ritson &#8211; Agriculture<\/p>\n<h5><strong>Crowford &amp; Company\u00a0 &#8211; Great Britain, UK<\/strong><\/h5>\n<p>Mike Clementson &#8211; Loss Adjuster<\/p>\n<h5><strong><b>Crawford &amp; Company Espa\u00f1a, S.A<\/b> &#8211; Spain<\/strong><\/h5>\n<p>Elena Ruiz de Z\u00e1rate &#8211; Loss Adjuster<\/p>\n<h5><strong>Genillard &amp; Co. &#8211; Germany<\/strong><\/h5>\n<p>Christopher Genillard &#8211; Director, Sales &amp; Marketing<\/p>\n<h5><strong>DH AgRisk &#8211;\u00a0<\/strong><strong>Great Britain, UK<\/strong><\/h5>\n<p>Gary Hutchings &#8211; Director<\/p>\n<p>John Drakeford &#8211; Director<\/p>\n<h5><strong>AON Benfield &#8211; Czech Republic<\/strong><\/h5>\n<p>Wladimir Ledochowski &#8211;\u00a0Director Credit Risks CEE<\/p>\n<p>Nikolaus Lobkowicz &#8211;\u00a0Head of Facultative R\/I, CEE &amp; CIS<\/p>\n<p>Dmytro Shykmanter &#8211; Actuary\/Broker<\/p>\n<h5><strong>Malakut Insurance Brokers &#8211; Russia<\/strong><\/h5>\n<p>Leontiy Lotosh &#8211; Director Reinsurance<\/p>\n<h5><strong>J.B.Boda Reinsurance Brokers Pvt. Ltd. &#8211; India<\/strong><\/h5>\n<p>Rohit Boda &#8211; Managing Director<\/p>\n<p>Deepak Mishra &#8211;\u00a0Senior General Manager(Agriculture)<\/p>\n<h5><strong>Business &amp; Finance Consulting &#8211;\u00a0Switzerland<\/strong><\/h5>\n<p>Ognjen Adamovic &#8211;\u00a0Agricultural Lending Expert<\/p>\n<h5><strong>GFA Consulting\u00a0Group GmbH &#8211;\u00a0Germany<\/strong><\/h5>\n<p>Inga Wodoris &#8211;\u00a0Consultant Agricultural and Rural Finance<\/p>\n<h5><strong>Lockton Companies LLP, Lockton Re &#8211;\u00a0Great Britain, UK<\/strong><\/h5>\n<p>Okan Caglayan &#8211; Senior Vice President<\/p>\n<h5><strong>Balto Link SIA\u00a0 &#8211;\u00a0Latvia<\/strong><\/h5>\n<p>Maksym Shylov &#8211; Account Executive<\/p>\n<h5><strong>Kshema Holdings &#8211; India<\/strong><\/h5>\n<p>Natraj Nukala &#8211; Managing Director<\/p>\n<p>Chandraprasad NSR &#8211; Director<\/p>\n<h5><strong>Corporate Risks India Insurance Broker &#8211;\u00a0India<\/strong><\/h5>\n<p>Ajay Dadwal &#8211; Managing Director<\/p>\n<p>&nbsp;<\/p>\n<h4><strong>BANKING &amp; FINANCE<\/strong><\/h4>\n<h5><strong>KfW &#8211; Germany \/ Serbia<\/strong><\/h5>\n<p>Kim Saskia Reichel &#8211; Project Manager (Germany)<\/p>\n<p>Darko Ivkovic &#8211; Project \u0421oordinator (Serbia)<\/p>\n<h5><strong>Banca Intesa &#8211;\u00a0Serbia<\/strong><\/h5>\n<p>Radomir Panic &#8211; Product Manager<\/p>\n<h5><strong>Blue Orchard &#8211;\u00a0Switzerland \/ Georgia<\/strong><\/h5>\n<p>Basit Arshad &#8211; Senior Investment Officer<\/p>\n<h5><strong>InsuResilience Solutions Fund &#8211;\u00a0Germany<\/strong><\/h5>\n<p>Olga Mursajew &#8211; Extern (Germany)<\/p>\n<h5><strong>Credo Bank, JSC &#8211; Georgia<\/strong><\/h5>\n<p>Levan Davitashvili &#8211;\u00a0Head of Insurance Product Unit<\/p>\n<h5><strong>IFC, World Bank Group &#8211; Ukraine<\/strong><\/h5>\n<p>Leah Ann Soroka &#8211; Program Manager<\/p>\n<p>Andriy Zaripov &#8211; Agricultural Insurance Lead<\/p>\n<h4><\/h4>\n<h4><strong>STATE REGULATORS, NGO\u2019S, PROFESSIONAL UNIONS AND ASSOCIATIONS<\/strong><\/h4>\n<h5><strong>TARSIM \u2013 Turkey<\/strong><\/h5>\n<p>Murat Sener &#8211; External Relations &amp; Reinsurance Expert<br \/>\nMustafa Koparan &#8211; Agricultural Specialist<\/p>\n<h5><strong>University of Southern Queensland &#8211; Australia<\/strong><\/h5>\n<p>Shahbaz Mushtaq &#8211;\u00a0Associate Professor and Deputy Director,International Centre for Applied Climate Science (Administration)<\/p>\n<h5><strong>GIZ, German Development Cooperation &#8211; Germany \/ Indonesia<\/strong><\/h5>\n<p>Antonis Malagardis &#8211; Program Manager (South-East Asia)<\/p>\n<h4><\/h4>\n<h4><strong>SERVICE COMPANIES, INPUT SUPPLIERS AND OTHER REPRESENTATIVES<\/strong><\/h4>\n<h5><strong>Airbus &#8211; France<\/strong><\/h5>\n<p>Th\u00e9ophile Habimana &#8211;\u00a0Sales Director<\/p>\n<h5><strong>GEOSYS \u2013 France<\/strong><\/h5>\n<p>Perre Rolland &#8211;\u00a0Director &#8211; Operations EAME<br \/>\nYuriy Pekun &#8211;\u00a0Product Manager<\/p>\n<h5><strong>AgriTask &#8211; Israel<\/strong><\/h5>\n<p>Omri Krikeb &#8211; Director of Business Development<\/p>\n<h5><strong>AgriHost &#8211; South Africa<\/strong><\/h5>\n<p>Jacques Pretorius\u00a0 &#8211; Director of Business Development<\/p>\n<p>Willie Du Plooy &#8211; New Business Director<\/p>\n<p>Marius Marais &#8211;\u00a0Chief Executive Officer<\/p>\n<h5><strong>Skyglyph &#8211; Bulgaria<\/strong><\/h5>\n<p>Victor Yermak &#8211; CEO<\/p>\n<h5><strong>UBIMET &#8211; Austria<\/strong><\/h5>\n<p>Yves Dulex &#8211; CEO, Meteonews<\/p>\n<p>Manfred Spatzierer &#8211;\u00a0CEO, UBIMET<\/p>\n<h5><strong>Draxis Environmental S.A. &#8211; Greece<\/strong><\/h5>\n<p>Stelios Kotsopoulos &#8211;\u00a0Remote Sensing and Numerical Modeling Expert<\/p>\n<p>Gregory Mygdakos &#8211; Project Manager<\/p>\n<h5><strong>EOS Data Analytics &#8211; Ukraine\/USA<\/strong><\/h5>\n<p>Nazar Panchiy &#8211; Product Manager Agriculture<\/p>\n<p>Eugene Karlov &#8211; Head of Business Development<\/p>\n","protected":false},"excerpt":{"rendered":"<p>REINSURANCE COMPANIES Munich Re &#8211;\u00a0Germany Maximillian Strobl &#8211; Regional Head Agriculture Hans Both &#8211; Underwriter Agriculture Q-Re &#8211; Qatar \/ Switzerland Nicolas Boll &#8211;\u00a0Underwriter, Agriculture&hellip;<\/p>\n<p><a href=\"https:\/\/agroinsconf.com\/?page_id=2363\" class=\"read-more-link\"><span class=\"read-more-icon\"><\/span>Read more<\/a><\/p>\n","protected":false},"author":3,"featured_media":0,"parent":0,"menu_order":0,"comment_status":"closed","ping_status":"closed","template":"","meta":{"footnotes":""},"_links":{"self":[{"href":"https:\/\/agroinsconf.com\/index.php?rest_route=\/wp\/v2\/pages\/2363"}],"collection":[{"href":"https:\/\/agroinsconf.com\/index.php?rest_route=\/wp\/v2\/pages"}],"about":[{"href":"https:\/\/agroinsconf.com\/index.php?rest_route=\/wp\/v2\/types\/page"}],"author":[{"embeddable":true,"href":"https:\/\/agroinsconf.com\/index.php?rest_route=\/wp\/v2\/users\/3"}],"replies":[{"embeddable":true,"href":"https:\/\/agroinsconf.com\/index.php?rest_route=%2Fwp%2Fv2%2Fcomments&post=2363"}],"version-history":[{"count":1,"href":"https:\/\/agroinsconf.com\/index.php?rest_route=\/wp\/v2\/pages\/2363\/revisions"}],"predecessor-version":[{"id":3316,"href":"https:\/\/agroinsconf.com\/index.php?rest_route=\/wp\/v2\/pages\/2363\/revisions\/3316"}],"wp:attachment":[{"href":"https:\/\/agroinsconf.com\/index.php?rest_route=%2Fwp%2Fv2%2Fmedia&parent=2363"}],"curies":[{"name":"wp","href":"https:\/\/api.w.org\/{rel}","templated":true}]}}