
{"id":2716,"date":"2020-03-01T09:24:52","date_gmt":"2020-03-01T07:24:52","guid":{"rendered":"http:\/\/agroinsconf.com\/?page_id=2716"},"modified":"2024-06-03T08:58:51","modified_gmt":"2024-06-03T06:58:51","slug":"participants-2020","status":"publish","type":"page","link":"https:\/\/agroinsconf.com\/?page_id=2716","title":{"rendered":"2024 Participants"},"content":{"rendered":"<h4 style=\"text-align: center;\">THE LIST OF PARTICIPANTS IS UPDATED ON WEEKLY BASIS.<\/h4>\n<h4 style=\"text-align: center;\"><strong>REINSURANCE COMPANIES<\/strong><\/h4>\n<p style=\"text-align: center;\"><strong>Swiss Re \u2014 Switzerland<\/strong><\/p>\n<p style=\"text-align: center;\">Marcel Andriesse<\/p>\n<p style=\"text-align: center;\">Andreas Weigel<\/p>\n<p style=\"text-align: center;\"><strong>Hannover Re \u2014 Germany<\/strong><\/p>\n<p style=\"text-align: center;\">Dr. Sergiy Parkhomenko<\/p>\n<p style=\"text-align: center;\">Andreas Bronk<\/p>\n<p style=\"text-align: center;\"><strong>Polish Re \u2014\u00a0Poland<\/strong><\/p>\n<p style=\"text-align: center;\">Konrad Rojewski<\/p>\n<p style=\"text-align: center;\">Agata Ksi\u0105\u017cek<\/p>\n<p style=\"text-align: center;\"><strong>Liberty Mutual Reinsurance \u2014 France<\/strong><\/p>\n<p style=\"text-align: center;\">Antoine Kahn<\/p>\n<p style=\"text-align: center;\">Victor Bouton<\/p>\n<p style=\"text-align: center;\"><strong>AXA Climate \u2014 France<\/strong><\/p>\n<p style=\"text-align: center;\">Charlotte Belin<\/p>\n<p style=\"text-align: center;\">Gilles Cornec<\/p>\n<p style=\"text-align: center;\"><strong>Dunav Re<\/strong>\u00a0<strong>\u2014 Serbia<\/strong><\/p>\n<p style=\"text-align: center;\">Vesna Djindjic<\/p>\n<p style=\"text-align: center;\"><strong>Toa Reinsurance Company of America &#8211; USA<\/strong><\/p>\n<p style=\"text-align: center;\">Dr. Bin Zhang<\/p>\n<p style=\"text-align: center;\"><strong>R+V Versicherung AG &#8211; Germany<\/strong><\/p>\n<p style=\"text-align: center;\">Florian Strobel<\/p>\n<p style=\"text-align: center;\">Laurenz Gunkel<\/p>\n<p style=\"text-align: center;\"><strong>NewRe &#8211; Switzerland<\/strong><\/p>\n<p style=\"text-align: center;\">Oleksandr Artiushyn<\/p>\n<p style=\"text-align: center;\"><strong>Munich Re &#8211; Germany<\/strong><\/p>\n<p style=\"text-align: center;\">Francisco Mendoza<\/p>\n<p style=\"text-align: center;\"><strong>SCOR &#8211; Switzerland<\/strong><\/p>\n<p style=\"text-align: center;\">Yvonne Buschor Speck<\/p>\n<p style=\"text-align: center;\">Anna Gevecke<\/p>\n<p style=\"text-align: center;\"><strong>Axis Re &#8211; Switzerland<\/strong><\/p>\n<p style=\"text-align: center;\">Willemijn Vroege<\/p>\n<p>&nbsp;<\/p>\n<h4 style=\"text-align: center;\"><strong>INSURANCE COMPANIES<\/strong><\/h4>\n<p style=\"text-align: center;\"><strong>Generali \u2014 Serbia<\/strong><\/p>\n<p style=\"text-align: center;\">Veselin Danilovac<\/p>\n<p style=\"text-align: center;\">Veljko Ninic<\/p>\n<p class=\"iw\" style=\"text-align: center;\"><span class=\"qu\" tabindex=\"-1\" role=\"gridcell\" translate=\"no\"><span class=\"gD\" data-hovercard-id=\"zlata.dimic.jesic@generali.rs\" data-hovercard-owner-id=\"28\">Zlata Dimic Jesic<\/span><\/span><\/p>\n<p style=\"text-align: center;\">Darko D\u017eeki\u0107<\/p>\n<p style=\"text-align: center;\"><strong>Generali \u2014 Poland<\/strong><\/p>\n<p style=\"text-align: center;\">Jakub Jacewicz<\/p>\n<p style=\"text-align: center;\">Krzysztof Mr\u00f3wka<\/p>\n<p style=\"text-align: center;\">Agata Kacprzycka<\/p>\n<p class=\"iw\" style=\"text-align: center;\">Bernard Mycielski<\/p>\n<p style=\"text-align: center;\">Piotr Adamczyk<\/p>\n<p style=\"text-align: center;\"><strong>Generali \u010cesk\u00e1 Poji\u0161\u0165ovna \u2014 Czech Republic<\/strong><\/p>\n<p style=\"text-align: center;\">Martin Pat\u00e1k<\/p>\n<p style=\"text-align: center;\">Monika Zrckov\u00e1<\/p>\n<p style=\"text-align: center;\"><strong>Generali Poji\u0161\u0165ovna \u2014 Slovak Republic<\/strong><\/p>\n<p class=\"p1\" style=\"text-align: center;\">Marianna Lavi\u010dka<\/p>\n<p style=\"text-align: center;\"><strong>Schweizer Hagel<\/strong>\u00a0<strong>\u2014 <\/strong><strong>Switzerland<\/strong><\/p>\n<p style=\"text-align: center;\">Hansueli Lusti<\/p>\n<p style=\"text-align: center;\"><strong>\u00d6sterreichische Hagelversicherung &#8211; Austria<\/strong><\/p>\n<p style=\"text-align: center;\">Volker Karner<\/p>\n<p style=\"text-align: center;\"><strong>Kshema General Insurance &#8211; India<\/strong><\/p>\n<p style=\"text-align: center;\">Sunil Mandava<\/p>\n<p style=\"text-align: center;\">C. Vinay Kumar<\/p>\n<p style=\"text-align: center;\"><strong>Baltic Insurance Company &#8211; Latvia<\/strong><\/p>\n<p style=\"text-align: center;\">Kaspars Buss<\/p>\n<p>&nbsp;<\/p>\n<h4 style=\"text-align: center;\"><strong>BROKERS, UNDERWRITING AND CONSULTING AGENCIES<\/strong><\/h4>\n<p style=\"text-align: center;\"><strong>AgroInsurance International \u2014\u00a0 Georgia \/ Australia<\/strong><\/p>\n<p style=\"text-align: center;\">Ian Shynkarenko<\/p>\n<p style=\"text-align: center;\">Roman Shynkarenko<\/p>\n<p style=\"text-align: center;\">Liudmyla Krychevska<\/p>\n<p style=\"text-align: center;\">Margaryta Shynkarenko<\/p>\n<p style=\"text-align: center;\"><strong>K.M. Dastur \u2014 India \/ Ethiopia\u00a0<\/strong><\/p>\n<p style=\"text-align: center;\">Ayandev Saha<\/p>\n<p style=\"text-align: center;\"><strong>GrECo Specialty GmbH \u2014 Poland<\/strong><\/p>\n<p style=\"text-align: center;\">Zsolt Varga<\/p>\n<p class=\"p1\" style=\"text-align: center;\"><strong>Gemoedsrus (Pty) Ltd &#8211; South Africa<\/strong><\/p>\n<p class=\"p1\" style=\"text-align: center;\">Johan Plooy<\/p>\n<p class=\"p1\" style=\"text-align: center;\"><strong>Agrihost (Pty) Ltd &#8211; South Africa<\/strong><\/p>\n<p class=\"p1\" style=\"text-align: center;\">Willie du Plooy<\/p>\n<p class=\"p1\" style=\"text-align: center;\"><strong>Mathsons Rensurance Brokers Pvt. Ltd. &#8211; India<\/strong><\/p>\n<p class=\"p1\" style=\"text-align: center;\">Nitin Kadam<\/p>\n<p class=\"p1\" style=\"text-align: center;\"><strong>EURORISK &#8211; Latvia<\/strong><\/p>\n<p class=\"p1\" style=\"text-align: center;\">Janis Avercenko<\/p>\n<p class=\"p1\" style=\"text-align: center;\">Maris Winkler<\/p>\n<p style=\"text-align: center;\"><strong>Reinsons un partneri SIA &#8211; Latvia<\/strong><\/p>\n<p style=\"text-align: center;\">Reinis Reinsons<\/p>\n<p style=\"text-align: center;\"><strong>Agrilink &#8211; UAE<\/strong><\/p>\n<p style=\"text-align: center;\">Nicolas Nehme<\/p>\n<p style=\"text-align: center;\"><strong>Tysers Insurance Brokers &#8211; United Kingdom<\/strong><\/p>\n<p style=\"text-align: center;\">Elena Jones<\/p>\n<p style=\"text-align: center;\"><strong>Descartes Underwriting &#8211; France<\/strong><\/p>\n<p style=\"text-align: center;\">Guillaume Garin<\/p>\n<p style=\"text-align: center;\"><strong>Pula Advisors &#8211; Kenya<\/strong><\/p>\n<p style=\"text-align: center;\">Sarfraz Shah<\/p>\n<p>&nbsp;<\/p>\n<h4 style=\"text-align: center;\"><strong>INTERNATIONAL ORGANISATIONS AND GOVERNMENT AGENCIES<\/strong><\/h4>\n<p style=\"text-align: center;\"><strong>AIAG \u2014\u00a0 Switzerland<\/strong><\/p>\n<p style=\"text-align: center;\">Pascal Forrer<\/p>\n<p style=\"text-align: center;\"><strong>World Bank \u2014\u00a0 International<\/strong><\/p>\n<p style=\"text-align: center;\">Andrea Stoppa<\/p>\n<p style=\"text-align: center;\"><strong>World Food Program (WFP) \u2014\u00a0 Kyrgyzstan<\/strong><\/p>\n<p style=\"text-align: center;\">Uson Albanov<\/p>\n<p style=\"text-align: center;\"><strong>German-Kazakh Agricultural Policy Dialogue (APD) \u2014 Germany \/ Kazakhstan<\/strong><\/p>\n<p style=\"text-align: center;\">Lunara Umralinova<\/p>\n<p style=\"text-align: center;\"><strong>Palestinian Disaster Risk Reduction and Insurance Fund \u2014 Plestine<\/strong><\/p>\n<p class=\"p1\" style=\"text-align: center;\">Adeebeh Bawatneh<\/p>\n<p>&nbsp;<\/p>\n<h4 style=\"text-align: center;\"><strong>EARTH OBSERVATION &amp; TECHNOLOGY SERVICE COMPANIES<\/strong><\/h4>\n<p style=\"text-align: center;\"><strong>Planet Labs &#8211; Netherlands \/ Germany \/ USA<\/strong><\/p>\n<p style=\"text-align: center;\">Berend de Jong<u><\/u><\/p>\n<p style=\"text-align: center;\">Eleni Vakaki<\/p>\n<p style=\"text-align: center;\"><strong>GAF AG<\/strong> <strong>\u2014 <\/strong><strong>Germany<\/strong><\/p>\n<p style=\"text-align: center;\"><span lang=\"EN-US\">Peter Navratil<u><\/u><u><\/u><\/span><\/p>\n<p style=\"text-align: center;\"><span lang=\"EN-US\">Th\u00e9o Come\u00a0<\/span><\/p>\n<p style=\"text-align: center;\"><strong>EarthDaily Agro<\/strong>\u00a0<strong>\u2014 <\/strong><strong>USA \/ France<\/strong><\/p>\n<p style=\"text-align: center;\">Andres Umana<\/p>\n<p style=\"text-align: center;\">Andre Veneziani<\/p>\n<p style=\"text-align: center;\"><strong>Skyglyph AG &#8211; Bulgaria<\/strong><\/p>\n<p style=\"text-align: center;\">Viktor Yermak<\/p>\n<p style=\"text-align: center;\"><strong>VITO &#8211; Belgium<\/strong><\/p>\n<p style=\"text-align: center;\">Laurent Tits<\/p>\n<p style=\"text-align: center;\"><strong>Kuva Space &#8211; Finland<\/strong><\/p>\n<p style=\"text-align: center;\">Malathy Eskola<\/p>\n<p style=\"text-align: center;\">Andre Parris<\/p>\n<p style=\"text-align: center;\"><strong>CropInsTech &#8211; Estonia<\/strong><\/p>\n<p style=\"text-align: center;\">Priit Kasemaa<\/p>\n<p style=\"text-align: center;\"><strong>Agremo &#8211; Serbia<\/strong><\/p>\n<p style=\"text-align: center;\">Luka <span class=\"qu\" tabindex=\"-1\" role=\"gridcell\" translate=\"no\"><span class=\"gD\" data-hovercard-id=\"luka@agremo.com\" data-hovercard-owner-id=\"195\">\u017divkovi\u0107<\/span><\/span><\/p>\n<p style=\"text-align: center;\"><strong>eLeaf &#8211; Netherlands<\/strong><\/p>\n<p style=\"text-align: center;\">Joost van der Woerd<\/p>\n<p style=\"text-align: center;\">Ponraj Arumugam<\/p>\n<p style=\"text-align: center;\"><strong>TerraNIS &#8211; France<\/strong><\/p>\n<p class=\"p1\" style=\"text-align: center;\">Laurent Palau<\/p>\n<p style=\"text-align: center;\"><strong>Terensis &#8211; Switzerland<\/strong><\/p>\n<p class=\"p1\" style=\"text-align: center;\">Gregor Perich<\/p>\n<p style=\"text-align: center;\"><strong>GEOSAT &#8211; Spain \/ Portugal<\/strong><\/p>\n<p class=\"p1\" style=\"text-align: center;\">Silvia Fraile<\/p>\n<p class=\"p1\" style=\"text-align: center;\">Javier Santos<\/p>\n<p class=\"p1\" style=\"text-align: center;\"><strong>Ceres Imaging &#8211; USA<\/strong><\/p>\n<p class=\"p1\" style=\"text-align: center;\">Leonardo Vidal<\/p>\n<p>&nbsp;<\/p>\n<p>[vc_section el_id=&#8221;sponsors&#8221;][vc_row][vc_column][vc_custom_heading text=&#8221;Sponsors and (color1)Partners(\/color1)&#8221; uppercase=&#8221;yes&#8221; add_shadow_text=&#8221;yes&#8221; font_container=&#8221;tag:h1|text_align:center&#8221; css_animation=&#8221;custom&#8221; shadow_text=&#8221;Sponsors&#8221;][om_logos onclick=&#8221;custom_link&#8221; links_target=&#8221;_blank&#8221; images=&#8221;3436,3437,3015&#8243; custom_links=&#8221;https:\/\/www.swissre.com\/reinsurance\/property-and-casualty\/agriculture-risks.html,https:\/\/www.generali.rs\/fizicka_lica\/poljoprivreda_i_zivotinje.964.html,https:\/\/kmdastur.com\/rural-insurance\/&#8221; img_size=&#8221;300&#215;100&#8243;][vc_empty_space height=&#8221;1em&#8221;][om_logos onclick=&#8221;custom_link&#8221; links_target=&#8221;_blank&#8221; images=&#8221;3119,2870,3404,3018,3093&#8243; img_size=&#8221;200&#215;100&#8243; custom_links=&#8221;https:\/\/www.planet.com\/markets\/finance-and-insurance\/?utm_source=conference-website&amp;utm_medium=events&amp;utm_campaign=agroinsurance-conference-rs&amp;utm_content=pros-emea-leads-confwebsite-1123,https:\/\/www.gaf.de\/agriculture-food-production\/,https:\/\/www.agremo.com\/solutions\/insurance-processor\/,https:\/\/skyglyph.com\/,https:\/\/earthdailyagro.com\/fintech-crop-insurance-financial-risk-mitigation\/&#8221;][vc_empty_space height=&#8221;3em&#8221;][om_logos onclick=&#8221;custom_link&#8221; links_target=&#8221;_blank&#8221; img_size=&#8221;200&#215;100&#8243;][\/vc_column][\/vc_row][\/vc_section]<\/p>\n<p><!-- \/wp:paragraph --><\/p>\n","protected":false},"excerpt":{"rendered":"<p>THE LIST OF PARTICIPANTS IS UPDATED ON WEEKLY BASIS. REINSURANCE COMPANIES Swiss Re \u2014 Switzerland Marcel Andriesse Andreas Weigel Hannover Re \u2014 Germany Dr. Sergiy&hellip;<\/p>\n<p><a href=\"https:\/\/agroinsconf.com\/?page_id=2716\" class=\"read-more-link\"><span class=\"read-more-icon\"><\/span>Read more<\/a><\/p>\n","protected":false},"author":3,"featured_media":0,"parent":0,"menu_order":0,"comment_status":"closed","ping_status":"closed","template":"","meta":{"footnotes":""},"_links":{"self":[{"href":"https:\/\/agroinsconf.com\/index.php?rest_route=\/wp\/v2\/pages\/2716"}],"collection":[{"href":"https:\/\/agroinsconf.com\/index.php?rest_route=\/wp\/v2\/pages"}],"about":[{"href":"https:\/\/agroinsconf.com\/index.php?rest_route=\/wp\/v2\/types\/page"}],"author":[{"embeddable":true,"href":"https:\/\/agroinsconf.com\/index.php?rest_route=\/wp\/v2\/users\/3"}],"replies":[{"embeddable":true,"href":"https:\/\/agroinsconf.com\/index.php?rest_route=%2Fwp%2Fv2%2Fcomments&post=2716"}],"version-history":[{"count":35,"href":"https:\/\/agroinsconf.com\/index.php?rest_route=\/wp\/v2\/pages\/2716\/revisions"}],"predecessor-version":[{"id":3598,"href":"https:\/\/agroinsconf.com\/index.php?rest_route=\/wp\/v2\/pages\/2716\/revisions\/3598"}],"wp:attachment":[{"href":"https:\/\/agroinsconf.com\/index.php?rest_route=%2Fwp%2Fv2%2Fmedia&parent=2716"}],"curies":[{"name":"wp","href":"https:\/\/api.w.org\/{rel}","templated":true}]}}